{"id":1046,"date":"2024-09-26T21:28:07","date_gmt":"2024-09-26T18:28:07","guid":{"rendered":"https:\/\/tr.hollandtradecenteristanbul.com\/?page_id=1046"},"modified":"2024-09-26T21:36:37","modified_gmt":"2024-09-26T18:36:37","slug":"bulten-aboneligi-iptali","status":"publish","type":"page","link":"https:\/\/tr.hollandtradecenteristanbul.com\/index.php\/bulten-aboneligi-iptali\/","title":{"rendered":"B\u00fclten Aboneli\u011fi \u0130ptali"},"content":{"rendered":"\t\t<div data-elementor-type=\"wp-page\" data-elementor-id=\"1046\" class=\"elementor elementor-1046\">\n\t\t\t\t\t\t<section class=\"elementor-section elementor-top-section elementor-element elementor-element-2c70d302 elementor-section-stretched elementor-section-boxed elementor-section-height-default elementor-section-height-default\" data-id=\"2c70d302\" data-element_type=\"section\" data-e-type=\"section\" data-settings=\"{&quot;stretch_section&quot;:&quot;section-stretched&quot;}\">\n\t\t\t\t\t\t<div class=\"elementor-container elementor-column-gap-default\">\n\t\t\t\t\t<div class=\"elementor-column elementor-col-100 elementor-top-column elementor-element elementor-element-5cc183e4\" data-id=\"5cc183e4\" data-element_type=\"column\" data-e-type=\"column\">\n\t\t\t<div class=\"elementor-widget-wrap elementor-element-populated\">\n\t\t\t\t\t\t<div class=\"elementor-element elementor-element-24a6381 elementor-widget elementor-widget-shortcode\" data-id=\"24a6381\" data-element_type=\"widget\" data-e-type=\"widget\" data-widget_type=\"shortcode.default\">\n\t\t\t\t<div class=\"elementor-widget-container\">\n\t\t\t\t\t\t\t<div class=\"elementor-shortcode\">\n<div class=\"wpcf7 no-js\" id=\"wpcf7-f1045-o1\" lang=\"en-US\" dir=\"ltr\" data-wpcf7-id=\"1045\">\n<div class=\"screen-reader-response\"><p role=\"status\" aria-live=\"polite\" aria-atomic=\"true\"><\/p> <ul><\/ul><\/div>\n<form action=\"\/index.php\/wp-json\/wp\/v2\/pages\/1046#wpcf7-f1045-o1\" method=\"post\" class=\"wpcf7-form init wpcf7-acceptance-as-validation\" aria-label=\"Contact form\" novalidate=\"novalidate\" data-status=\"init\">\n<fieldset class=\"hidden-fields-container\"><input type=\"hidden\" name=\"_wpcf7\" value=\"1045\" \/><input type=\"hidden\" name=\"_wpcf7_version\" value=\"6.1.5\" \/><input type=\"hidden\" name=\"_wpcf7_locale\" value=\"en_US\" \/><input type=\"hidden\" name=\"_wpcf7_unit_tag\" value=\"wpcf7-f1045-o1\" \/><input type=\"hidden\" name=\"_wpcf7_container_post\" value=\"0\" \/><input type=\"hidden\" name=\"_wpcf7_posted_data_hash\" value=\"\" \/><input type=\"hidden\" name=\"_cf7a__timestamp\" value=\"aX3o7UoeThts14CMBKuFZw==\" \/><input type=\"hidden\" name=\"_cf7a_version\" value=\"1.0\" \/><input type=\"hidden\" name=\"_cf7a_address\" value=\"\" \/><input type=\"hidden\" name=\"_cf7a_referer\" value=\"\" \/><input type=\"hidden\" name=\"_cf7a_protocol\" value=\"\" \/><input type=\"hidden\" name=\"_extcf7_conditional_options\" value=\"{&quot;form_id&quot;:1045,&quot;conditions&quot;:[]}\" \/><input type=\"hidden\" name=\"_extcf7_redirect_options\" value=\"{&quot;form_id&quot;:1045,&quot;redirect_options&quot;:{&quot;redirection_enable&quot;:&quot;off&quot;,&quot;custom_url_enable&quot;:&quot;off&quot;,&quot;redirect_page&quot;:&quot;&quot;,&quot;custom_urle&quot;:&quot;&quot;,&quot;redirect_new_tab&quot;:&quot;off&quot;,&quot;js_action&quot;:&quot;off&quot;,&quot;javascript_code&quot;:&quot;&quot;}}\" \/><input type=\"hidden\" name=\"_cf7a_bot_fingerprint\" value=\"aX3o7UoeThts14CMBKuFZw==\" \/><input type=\"hidden\" name=\"_cf7a_bot_fingerprint_extras\" \/><input type=\"hidden\" name=\"_cf7a_append_on_submit\" \/>\n<\/fieldset>\n<div style=\"float:left;width:60%\">\n\t<p><span class=\"wpcf7-form-control-wrap\" data-name=\"your-email\"><input size=\"40\" maxlength=\"400\" class=\"wpcf7-form-control wpcf7-email wpcf7-validates-as-required wpcf7-text wpcf7-validates-as-email\" aria-required=\"true\" aria-invalid=\"false\" placeholder=\"E-posta adresiniz doldurun\" value=\"\" type=\"email\" name=\"your-email\" \/><\/span>\n\t<\/p>\n<\/div>\n<p><input class=\"wpcf7-form-control wpcf7-submit has-spinner\" type=\"submit\" value=\"Aboneli\u011fim iptal etmek istiyorum\" \/>\n<\/p><p style=\"display: none !important;\" class=\"akismet-fields-container\" data-prefix=\"_wpcf7_ak_\"><label>&#916;<textarea name=\"_wpcf7_ak_hp_textarea\" cols=\"45\" rows=\"8\" maxlength=\"100\"><\/textarea><\/label><input type=\"hidden\" id=\"ak_js_1\" name=\"_wpcf7_ak_js\" value=\"181\"\/><script>document.getElementById( \"ak_js_1\" ).setAttribute( \"value\", ( new Date() ).getTime() );<\/script><\/p><div class=\"wpcf7-response-output\" aria-hidden=\"true\"><\/div>\n<\/form>\n<\/div>\n<\/div>\n\t\t\t\t\t\t<\/div>\n\t\t\t\t<\/div>\n\t\t\t\t\t<\/div>\n\t\t<\/div>\n\t\t\t\t\t<\/div>\n\t\t<\/section>\n\t\t\t\t<\/div>\n\t\t","protected":false},"excerpt":{"rendered":"<p class=\"tx-excerpt\"><\/p>","protected":false},"author":1,"featured_media":0,"parent":0,"menu_order":0,"comment_status":"closed","ping_status":"closed","template":"templates\/blank.php","meta":{"footnotes":""},"class_list":["post-1046","page","type-page","status-publish","hentry"],"yoast_head":"<!-- This site is optimized with the Yoast SEO plugin v27.4 - https:\/\/yoast.com\/product\/yoast-seo-wordpress\/ -->\n<title>B\u00fclten Aboneli\u011fi \u0130ptali - Holland Trade Center Istanbul - T\u00fcrk\u00e7e<\/title>\n<meta name=\"robots\" content=\"index, follow, max-snippet:-1, max-image-preview:large, max-video-preview:-1\" \/>\n<link rel=\"canonical\" href=\"https:\/\/tr.hollandtradecenteristanbul.com\/index.php\/bulten-aboneligi-iptali\/\" \/>\n<meta property=\"og:locale\" content=\"nl_NL\" \/>\n<meta property=\"og:type\" content=\"article\" \/>\n<meta property=\"og:title\" content=\"B\u00fclten Aboneli\u011fi \u0130ptali - Holland Trade Center Istanbul - T\u00fcrk\u00e7e\" \/>\n<meta property=\"og:url\" content=\"https:\/\/tr.hollandtradecenteristanbul.com\/index.php\/bulten-aboneligi-iptali\/\" \/>\n<meta property=\"og:site_name\" content=\"Holland Trade Center Istanbul - T\u00fcrk\u00e7e\" \/>\n<meta property=\"article:modified_time\" content=\"2024-09-26T18:36:37+00:00\" \/>\n<meta name=\"twitter:card\" content=\"summary_large_image\" \/>\n<script type=\"application\/ld+json\" class=\"yoast-schema-graph\">{\"@context\":\"https:\\\/\\\/schema.org\",\"@graph\":[{\"@type\":\"WebPage\",\"@id\":\"https:\\\/\\\/tr.hollandtradecenteristanbul.com\\\/index.php\\\/bulten-aboneligi-iptali\\\/\",\"url\":\"https:\\\/\\\/tr.hollandtradecenteristanbul.com\\\/index.php\\\/bulten-aboneligi-iptali\\\/\",\"name\":\"B\u00fclten Aboneli\u011fi \u0130ptali - Holland Trade Center Istanbul - T\u00fcrk\u00e7e\",\"isPartOf\":{\"@id\":\"https:\\\/\\\/tr.hollandtradecenteristanbul.com\\\/#website\"},\"datePublished\":\"2024-09-26T18:28:07+00:00\",\"dateModified\":\"2024-09-26T18:36:37+00:00\",\"breadcrumb\":{\"@id\":\"https:\\\/\\\/tr.hollandtradecenteristanbul.com\\\/index.php\\\/bulten-aboneligi-iptali\\\/#breadcrumb\"},\"inLanguage\":\"nl-NL\",\"potentialAction\":[{\"@type\":\"ReadAction\",\"target\":[\"https:\\\/\\\/tr.hollandtradecenteristanbul.com\\\/index.php\\\/bulten-aboneligi-iptali\\\/\"]}]},{\"@type\":\"BreadcrumbList\",\"@id\":\"https:\\\/\\\/tr.hollandtradecenteristanbul.com\\\/index.php\\\/bulten-aboneligi-iptali\\\/#breadcrumb\",\"itemListElement\":[{\"@type\":\"ListItem\",\"position\":1,\"name\":\"Home\",\"item\":\"https:\\\/\\\/tr.hollandtradecenteristanbul.com\\\/\"},{\"@type\":\"ListItem\",\"position\":2,\"name\":\"B\u00fclten Aboneli\u011fi \u0130ptali\"}]},{\"@type\":\"WebSite\",\"@id\":\"https:\\\/\\\/tr.hollandtradecenteristanbul.com\\\/#website\",\"url\":\"https:\\\/\\\/tr.hollandtradecenteristanbul.com\\\/\",\"name\":\"Holland Trade Center Istanbul - T\u00fcrk\u00e7e\",\"description\":\"Where  business works like back home\",\"potentialAction\":[{\"@type\":\"SearchAction\",\"target\":{\"@type\":\"EntryPoint\",\"urlTemplate\":\"https:\\\/\\\/tr.hollandtradecenteristanbul.com\\\/?s={search_term_string}\"},\"query-input\":{\"@type\":\"PropertyValueSpecification\",\"valueRequired\":true,\"valueName\":\"search_term_string\"}}],\"inLanguage\":\"nl-NL\"}]}<\/script>\n<!-- \/ Yoast SEO plugin. -->","yoast_head_json":{"title":"B\u00fclten Aboneli\u011fi \u0130ptali - Holland Trade Center Istanbul - T\u00fcrk\u00e7e","robots":{"index":"index","follow":"follow","max-snippet":"max-snippet:-1","max-image-preview":"max-image-preview:large","max-video-preview":"max-video-preview:-1"},"canonical":"https:\/\/tr.hollandtradecenteristanbul.com\/index.php\/bulten-aboneligi-iptali\/","og_locale":"nl_NL","og_type":"article","og_title":"B\u00fclten Aboneli\u011fi \u0130ptali - Holland Trade Center Istanbul - T\u00fcrk\u00e7e","og_url":"https:\/\/tr.hollandtradecenteristanbul.com\/index.php\/bulten-aboneligi-iptali\/","og_site_name":"Holland Trade Center Istanbul - T\u00fcrk\u00e7e","article_modified_time":"2024-09-26T18:36:37+00:00","twitter_card":"summary_large_image","schema":{"@context":"https:\/\/schema.org","@graph":[{"@type":"WebPage","@id":"https:\/\/tr.hollandtradecenteristanbul.com\/index.php\/bulten-aboneligi-iptali\/","url":"https:\/\/tr.hollandtradecenteristanbul.com\/index.php\/bulten-aboneligi-iptali\/","name":"B\u00fclten Aboneli\u011fi \u0130ptali - Holland Trade Center Istanbul - T\u00fcrk\u00e7e","isPartOf":{"@id":"https:\/\/tr.hollandtradecenteristanbul.com\/#website"},"datePublished":"2024-09-26T18:28:07+00:00","dateModified":"2024-09-26T18:36:37+00:00","breadcrumb":{"@id":"https:\/\/tr.hollandtradecenteristanbul.com\/index.php\/bulten-aboneligi-iptali\/#breadcrumb"},"inLanguage":"nl-NL","potentialAction":[{"@type":"ReadAction","target":["https:\/\/tr.hollandtradecenteristanbul.com\/index.php\/bulten-aboneligi-iptali\/"]}]},{"@type":"BreadcrumbList","@id":"https:\/\/tr.hollandtradecenteristanbul.com\/index.php\/bulten-aboneligi-iptali\/#breadcrumb","itemListElement":[{"@type":"ListItem","position":1,"name":"Home","item":"https:\/\/tr.hollandtradecenteristanbul.com\/"},{"@type":"ListItem","position":2,"name":"B\u00fclten Aboneli\u011fi \u0130ptali"}]},{"@type":"WebSite","@id":"https:\/\/tr.hollandtradecenteristanbul.com\/#website","url":"https:\/\/tr.hollandtradecenteristanbul.com\/","name":"Holland Trade Center Istanbul - T\u00fcrk\u00e7e","description":"Where  business works like back home","potentialAction":[{"@type":"SearchAction","target":{"@type":"EntryPoint","urlTemplate":"https:\/\/tr.hollandtradecenteristanbul.com\/?s={search_term_string}"},"query-input":{"@type":"PropertyValueSpecification","valueRequired":true,"valueName":"search_term_string"}}],"inLanguage":"nl-NL"}]}},"_links":{"self":[{"href":"https:\/\/tr.hollandtradecenteristanbul.com\/index.php\/wp-json\/wp\/v2\/pages\/1046","targetHints":{"allow":["GET"]}}],"collection":[{"href":"https:\/\/tr.hollandtradecenteristanbul.com\/index.php\/wp-json\/wp\/v2\/pages"}],"about":[{"href":"https:\/\/tr.hollandtradecenteristanbul.com\/index.php\/wp-json\/wp\/v2\/types\/page"}],"author":[{"embeddable":true,"href":"https:\/\/tr.hollandtradecenteristanbul.com\/index.php\/wp-json\/wp\/v2\/users\/1"}],"replies":[{"embeddable":true,"href":"https:\/\/tr.hollandtradecenteristanbul.com\/index.php\/wp-json\/wp\/v2\/comments?post=1046"}],"version-history":[{"count":7,"href":"https:\/\/tr.hollandtradecenteristanbul.com\/index.php\/wp-json\/wp\/v2\/pages\/1046\/revisions"}],"predecessor-version":[{"id":1059,"href":"https:\/\/tr.hollandtradecenteristanbul.com\/index.php\/wp-json\/wp\/v2\/pages\/1046\/revisions\/1059"}],"wp:attachment":[{"href":"https:\/\/tr.hollandtradecenteristanbul.com\/index.php\/wp-json\/wp\/v2\/media?parent=1046"}],"curies":[{"name":"wp","href":"https:\/\/api.w.org\/{rel}","templated":true}]}}