{"id":263,"date":"2019-10-29T09:59:46","date_gmt":"2019-10-29T09:59:46","guid":{"rendered":"https:\/\/x-theme.net\/avas-business\/?page_id=263"},"modified":"2025-12-10T14:13:26","modified_gmt":"2025-12-10T11:13:26","slug":"iletisim-tr","status":"publish","type":"page","link":"https:\/\/tr.hollandtradecenteristanbul.com\/index.php\/iletisim-tr\/","title":{"rendered":"\u0130leti\u015fim"},"content":{"rendered":"\t\t<div data-elementor-type=\"wp-page\" data-elementor-id=\"263\" class=\"elementor elementor-263\">\n\t\t\t\t\t\t<section class=\"elementor-section elementor-top-section elementor-element elementor-element-7fc396fd elementor-section-stretched elementor-section-boxed elementor-section-height-default elementor-section-height-default\" data-id=\"7fc396fd\" data-element_type=\"section\" data-e-type=\"section\" data-settings=\"{&quot;stretch_section&quot;:&quot;section-stretched&quot;}\">\n\t\t\t\t\t\t<div class=\"elementor-container elementor-column-gap-default\">\n\t\t\t\t\t<div class=\"elementor-column elementor-col-33 elementor-top-column elementor-element elementor-element-30b6c21d\" data-id=\"30b6c21d\" data-element_type=\"column\" data-e-type=\"column\">\n\t\t\t<div class=\"elementor-widget-wrap elementor-element-populated\">\n\t\t\t\t\t\t<div class=\"elementor-element elementor-element-21af119a tx-hd-align-center elementor-widget elementor-widget-avas-heading\" data-id=\"21af119a\" data-element_type=\"widget\" data-e-type=\"widget\" data-widget_type=\"avas-heading.default\">\n\t\t\t\t<div class=\"elementor-widget-container\">\n\t\t\t\t\t        <div class=\"tx-hd-wrap\">\n\n            <div class=\"tx-hd-wm\"><\/div>\n\n            \n            <div class=\"tx-hd-sub\"><\/div>\n                        <h2 class=\"tx-hd-title\">\n                <span class=\"tx-hd-first-part\">ADRES<\/span>\n                <span class=\"tx-hd-last-part\"><\/span>\n            <\/h2>    \n            \n            <div class=\"tx-hd-desc\"><\/div>\n\n\n                   \n        <\/div><!-- tx-hd-wrap -->\n\n\n\n\n\n\n\n\n\t\t\t\t<\/div>\n\t\t\t\t<\/div>\n\t\t\t\t<div class=\"elementor-element elementor-element-15872784 elementor-widget elementor-widget-heading\" data-id=\"15872784\" data-element_type=\"widget\" data-e-type=\"widget\" data-widget_type=\"heading.default\">\n\t\t\t\t<div class=\"elementor-widget-container\">\n\t\t\t\t\t<p class=\"elementor-heading-title elementor-size-default\">Goudse Rijweg 382<br>3031 CK Rottterdam<br>The Netherlands<br><br>\nMVK Work-square Yeni\u015fehir Mah., Mustafa Akyol Sokak, A2 Blok, No:13, D:221, 34912 Pendik, \u0130stanbul, T\u00fcrkiye<\/p>\t\t\t\t<\/div>\n\t\t\t\t<\/div>\n\t\t\t\t\t<\/div>\n\t\t<\/div>\n\t\t\t\t<div class=\"elementor-column elementor-col-33 elementor-top-column elementor-element elementor-element-601bf756\" data-id=\"601bf756\" data-element_type=\"column\" data-e-type=\"column\">\n\t\t\t<div class=\"elementor-widget-wrap elementor-element-populated\">\n\t\t\t\t\t\t<div class=\"elementor-element elementor-element-3dff600d tx-hd-align-center elementor-widget elementor-widget-avas-heading\" data-id=\"3dff600d\" data-element_type=\"widget\" data-e-type=\"widget\" data-widget_type=\"avas-heading.default\">\n\t\t\t\t<div class=\"elementor-widget-container\">\n\t\t\t\t\t        <div class=\"tx-hd-wrap\">\n\n            <div class=\"tx-hd-wm\"><\/div>\n\n            \n            <div class=\"tx-hd-sub\"><\/div>\n                        <h2 class=\"tx-hd-title\">\n                <span class=\"tx-hd-first-part\">TELEFON<\/span>\n                <span class=\"tx-hd-last-part\"><\/span>\n            <\/h2>    \n            \n            <div class=\"tx-hd-desc\"><\/div>\n\n\n                   \n        <\/div><!-- tx-hd-wrap -->\n\n\n\n\n\n\n\n\n\t\t\t\t<\/div>\n\t\t\t\t<\/div>\n\t\t\t\t<div class=\"elementor-element elementor-element-238b17c5 elementor-widget elementor-widget-heading\" data-id=\"238b17c5\" data-element_type=\"widget\" data-e-type=\"widget\" data-widget_type=\"heading.default\">\n\t\t\t\t<div class=\"elementor-widget-container\">\n\t\t\t\t\t<p class=\"elementor-heading-title elementor-size-default\">Hollanda +31 85 488 2256\n<br><\/p>\t\t\t\t<\/div>\n\t\t\t\t<\/div>\n\t\t\t\t\t<\/div>\n\t\t<\/div>\n\t\t\t\t<div class=\"elementor-column elementor-col-33 elementor-top-column elementor-element elementor-element-239f8535\" data-id=\"239f8535\" data-element_type=\"column\" data-e-type=\"column\">\n\t\t\t<div class=\"elementor-widget-wrap elementor-element-populated\">\n\t\t\t\t\t\t<div class=\"elementor-element elementor-element-5f938dd9 tx-hd-align-center elementor-widget elementor-widget-avas-heading\" data-id=\"5f938dd9\" data-element_type=\"widget\" data-e-type=\"widget\" data-widget_type=\"avas-heading.default\">\n\t\t\t\t<div class=\"elementor-widget-container\">\n\t\t\t\t\t        <div class=\"tx-hd-wrap\">\n\n            <div class=\"tx-hd-wm\"><\/div>\n\n            \n            <div class=\"tx-hd-sub\"><\/div>\n                        <h2 class=\"tx-hd-title\">\n                <span class=\"tx-hd-first-part\">E-POSTA<\/span>\n                <span class=\"tx-hd-last-part\"><\/span>\n            <\/h2>    \n            \n            <div class=\"tx-hd-desc\"><\/div>\n\n\n                   \n        <\/div><!-- tx-hd-wrap -->\n\n\n\n\n\n\n\n\n\t\t\t\t<\/div>\n\t\t\t\t<\/div>\n\t\t\t\t<div class=\"elementor-element elementor-element-62938dd1 elementor-widget elementor-widget-heading\" data-id=\"62938dd1\" data-element_type=\"widget\" data-e-type=\"widget\" data-widget_type=\"heading.default\">\n\t\t\t\t<div class=\"elementor-widget-container\">\n\t\t\t\t\t<p class=\"elementor-heading-title elementor-size-default\"><a href=\"mailto:info@hollandtradecenteristanbul.com\">info@hollandtradecenteristanbul.com<\/a><\/p>\t\t\t\t<\/div>\n\t\t\t\t<\/div>\n\t\t\t\t\t<\/div>\n\t\t<\/div>\n\t\t\t\t\t<\/div>\n\t\t<\/section>\n\t\t\t\t<section class=\"elementor-section elementor-top-section elementor-element elementor-element-2c70d302 elementor-section-stretched elementor-section-boxed elementor-section-height-default elementor-section-height-default\" data-id=\"2c70d302\" data-element_type=\"section\" data-e-type=\"section\" data-settings=\"{&quot;stretch_section&quot;:&quot;section-stretched&quot;}\">\n\t\t\t\t\t\t<div class=\"elementor-container elementor-column-gap-default\">\n\t\t\t\t\t<div class=\"elementor-column elementor-col-100 elementor-top-column elementor-element elementor-element-5cc183e4\" data-id=\"5cc183e4\" data-element_type=\"column\" data-e-type=\"column\">\n\t\t\t<div class=\"elementor-widget-wrap elementor-element-populated\">\n\t\t\t\t\t\t<div class=\"elementor-element elementor-element-4411372 elementor-widget elementor-widget-avas-contact-form-7\" data-id=\"4411372\" data-element_type=\"widget\" data-e-type=\"widget\" data-widget_type=\"avas-contact-form-7.default\">\n\t\t\t\t<div class=\"elementor-widget-container\">\n\t\t\t\t\t        \n                <div class=\"tx-contact-form-7\">\n\n           \n<div class=\"wpcf7 no-js\" id=\"wpcf7-f5-o1\" lang=\"nl-NL\" dir=\"ltr\" data-wpcf7-id=\"5\">\n<div class=\"screen-reader-response\"><p role=\"status\" aria-live=\"polite\" aria-atomic=\"true\"><\/p> <ul><\/ul><\/div>\n<form action=\"\/index.php\/wp-json\/wp\/v2\/pages\/263#wpcf7-f5-o1\" method=\"post\" class=\"wpcf7-form init\" aria-label=\"Contactformulier\" novalidate=\"novalidate\" data-status=\"init\">\n<fieldset class=\"hidden-fields-container\"><input type=\"hidden\" name=\"_wpcf7\" value=\"5\" \/><input type=\"hidden\" name=\"_wpcf7_version\" value=\"6.1.5\" \/><input type=\"hidden\" name=\"_wpcf7_locale\" value=\"nl_NL\" \/><input type=\"hidden\" name=\"_wpcf7_unit_tag\" value=\"wpcf7-f5-o1\" \/><input type=\"hidden\" name=\"_wpcf7_container_post\" value=\"0\" \/><input type=\"hidden\" name=\"_wpcf7_posted_data_hash\" value=\"\" \/><input type=\"hidden\" name=\"_cf7a__timestamp\" value=\"tL8wHkLIXuVe8nwxZK9YfA==\" \/><input type=\"hidden\" name=\"_cf7a_version\" value=\"1.0\" \/><input type=\"hidden\" name=\"_cf7a_address\" value=\"\" \/><input type=\"hidden\" name=\"_cf7a_referer\" value=\"\" \/><input type=\"hidden\" name=\"_cf7a_protocol\" value=\"\" \/><input type=\"hidden\" name=\"_extcf7_conditional_options\" value=\"{&quot;form_id&quot;:5,&quot;conditions&quot;:[]}\" \/><input type=\"hidden\" name=\"_extcf7_redirect_options\" value=\"{&quot;form_id&quot;:5,&quot;redirect_options&quot;:{&quot;redirection_enable&quot;:&quot;off&quot;,&quot;custom_url_enable&quot;:&quot;off&quot;,&quot;redirect_page&quot;:&quot;&quot;,&quot;custom_urle&quot;:&quot;&quot;,&quot;redirect_new_tab&quot;:&quot;off&quot;,&quot;js_action&quot;:&quot;off&quot;,&quot;javascript_code&quot;:&quot;&quot;}}\" \/><input type=\"hidden\" name=\"_cf7a_bot_fingerprint\" value=\"tL8wHkLIXuVe8nwxZK9YfA==\" \/><input type=\"hidden\" name=\"_cf7a_bot_fingerprint_extras\" \/><input type=\"hidden\" name=\"_cf7a_append_on_submit\" \/>\n<\/fieldset>\n<p><label> \u0130sminiz*<br \/>\n<span class=\"wpcf7-form-control-wrap\" data-name=\"your-name\"><input size=\"40\" maxlength=\"400\" class=\"wpcf7-form-control wpcf7-text wpcf7-validates-as-required\" autocomplete=\"name\" aria-required=\"true\" aria-invalid=\"false\" value=\"\" type=\"text\" name=\"your-name\" \/><input type=\"text\" name=\"name\" value=\"\" autocomplete=\"fill\" class=\"fit-the-fullspace\" aria-hidden=\"true\" tabindex=\"-1\" \/><\/span> <\/label>\n<\/p>\n<p><label> E-posta*<br \/>\n<span class=\"wpcf7-form-control-wrap\" data-name=\"your-email\"><input size=\"40\" maxlength=\"400\" class=\"wpcf7-form-control wpcf7-email wpcf7-validates-as-required wpcf7-text wpcf7-validates-as-email\" autocomplete=\"email\" aria-required=\"true\" aria-invalid=\"false\" value=\"\" type=\"email\" name=\"your-email\" \/><\/span> <\/label>\n<\/p>\n<p><label> Konu*<br \/>\n<span class=\"wpcf7-form-control-wrap\" data-name=\"your-subject\"><input type=\"text\" name=\"address\" value=\"\" autocomplete=\"fill\" class=\"fit-the-fullspace\" aria-hidden=\"true\" tabindex=\"-1\" \/><input size=\"40\" maxlength=\"400\" class=\"wpcf7-form-control wpcf7-text wpcf7-validates-as-required\" aria-required=\"true\" aria-invalid=\"false\" value=\"\" type=\"text\" name=\"your-subject\" \/><\/span> <\/label>\n<\/p>\n<p><label> Mesaj\u0131n\u0131z (iste\u011fe ba\u011fl\u0131)<br \/>\n<span class=\"wpcf7-form-control-wrap\" data-name=\"your-message\"><textarea cols=\"40\" rows=\"10\" maxlength=\"2000\" class=\"wpcf7-form-control wpcf7-textarea\" aria-invalid=\"false\" name=\"your-message\"><\/textarea><\/span> <\/label>\n<\/p>\n<p><span class=\"wpcf7-form-control-wrap\" data-name=\"acceptance-652\"><span class=\"wpcf7-form-control wpcf7-acceptance\"><span class=\"wpcf7-list-item\"><label><input type=\"checkbox\" name=\"acceptance-652\" value=\"1\" aria-invalid=\"false\" \/><span class=\"wpcf7-list-item-label\"><a href=\"https:\/\/tr.hollandtradecenteristanbul.com\/index.php\/kisisel-verilerin-korunmasi-hakkinda-bilgilendirmeri\/\">Ki\u015fisel Verilerin Korunmas\u0131 Kanunu<\/a> bilgilendirmesini okuyarak kutucu\u011funu i\u015faretleyiniz.*<\/span><\/label><\/span><\/span><\/span>\n<\/p>\n<p><input class=\"wpcf7-form-control wpcf7-submit has-spinner\" type=\"submit\" value=\"G\u00f6nder\" \/>\n<\/p><p style=\"display: none !important;\" class=\"akismet-fields-container\" data-prefix=\"_wpcf7_ak_\"><label>&#916;<textarea name=\"_wpcf7_ak_hp_textarea\" cols=\"45\" rows=\"8\" maxlength=\"100\"><\/textarea><\/label><input type=\"hidden\" id=\"ak_js_1\" name=\"_wpcf7_ak_js\" value=\"125\"\/><script>document.getElementById( \"ak_js_1\" ).setAttribute( \"value\", ( new Date() ).getTime() );<\/script><\/p><div class=\"wpcf7-response-output\" aria-hidden=\"true\"><\/div>\n<\/form>\n<\/div>\n       \n        <\/div><!-- tx-contact-form-7 -->\n        \n    \t\t\t\t<\/div>\n\t\t\t\t<\/div>\n\t\t\t\t\t<\/div>\n\t\t<\/div>\n\t\t\t\t\t<\/div>\n\t\t<\/section>\n\t\t\t\t<section class=\"elementor-section elementor-top-section elementor-element elementor-element-e035a82 elementor-section-stretched elementor-section-full_width elementor-section-height-default elementor-section-height-default\" data-id=\"e035a82\" data-element_type=\"section\" data-e-type=\"section\" data-settings=\"{&quot;stretch_section&quot;:&quot;section-stretched&quot;}\">\n\t\t\t\t\t\t<div class=\"elementor-container elementor-column-gap-no\">\n\t\t\t\t\t<div class=\"elementor-column elementor-col-100 elementor-top-column elementor-element elementor-element-2772dc64\" data-id=\"2772dc64\" data-element_type=\"column\" data-e-type=\"column\">\n\t\t\t<div class=\"elementor-widget-wrap elementor-element-populated\">\n\t\t\t\t\t\t<div class=\"elementor-element elementor-element-78f34c8a elementor-widget elementor-widget-google_maps\" data-id=\"78f34c8a\" data-element_type=\"widget\" data-e-type=\"widget\" data-widget_type=\"google_maps.default\">\n\t\t\t\t<div class=\"elementor-widget-container\">\n\t\t\t\t\t\t\t<div class=\"elementor-custom-embed\">\n\t\t\t<iframe loading=\"lazy\"\n\t\t\t\t\tsrc=\"https:\/\/maps.google.com\/maps?q=Goudse%20Rijweg%20382%203031%20CK%20Rottterdam%20The%20Netherlands&#038;t=m&#038;z=17&#038;output=embed&#038;iwloc=near\"\n\t\t\t\t\ttitle=\"Goudse Rijweg 382 3031 CK Rottterdam The Netherlands\"\n\t\t\t\t\taria-label=\"Goudse Rijweg 382 3031 CK Rottterdam The Netherlands\"\n\t\t\t><\/iframe>\n\t\t<\/div>\n\t\t\t\t\t\t<\/div>\n\t\t\t\t<\/div>\n\t\t\t\t\t<\/div>\n\t\t<\/div>\n\t\t\t\t\t<\/div>\n\t\t<\/section>\n\t\t\t\t<section class=\"elementor-section elementor-top-section elementor-element elementor-element-aa6bc51 elementor-section-stretched elementor-section-full_width elementor-section-height-default elementor-section-height-default\" data-id=\"aa6bc51\" data-element_type=\"section\" data-e-type=\"section\" data-settings=\"{&quot;stretch_section&quot;:&quot;section-stretched&quot;}\">\n\t\t\t\t\t\t<div class=\"elementor-container elementor-column-gap-no\">\n\t\t\t\t\t<div class=\"elementor-column elementor-col-100 elementor-top-column elementor-element elementor-element-dd642a3\" data-id=\"dd642a3\" data-element_type=\"column\" data-e-type=\"column\">\n\t\t\t<div class=\"elementor-widget-wrap elementor-element-populated\">\n\t\t\t\t\t\t<div class=\"elementor-element elementor-element-7e753e1 elementor-widget elementor-widget-google_maps\" data-id=\"7e753e1\" data-element_type=\"widget\" data-e-type=\"widget\" data-widget_type=\"google_maps.default\">\n\t\t\t\t<div class=\"elementor-widget-container\">\n\t\t\t\t\t\t\t<div class=\"elementor-custom-embed\">\n\t\t\t<iframe loading=\"lazy\"\n\t\t\t\t\tsrc=\"https:\/\/maps.google.com\/maps?q=MVK%20Work-square%20Yeni%C5%9Fehir%20Mah.%2C%20Mustafa%20Akyol%20%20%20%20%20Sokak%20A%20Blok%202%2C%20No%3A13%2C%20D%3A221%2C%2034912%20Pendik%2C%20%C4%B0stanbul&#038;t=m&#038;z=17&#038;output=embed&#038;iwloc=near\"\n\t\t\t\t\ttitle=\"MVK Work-square Yeni\u015fehir Mah., Mustafa Akyol     Sokak A Blok 2, No:13, D:221, 34912 Pendik, \u0130stanbul\"\n\t\t\t\t\taria-label=\"MVK Work-square Yeni\u015fehir Mah., Mustafa Akyol     Sokak A Blok 2, No:13, D:221, 34912 Pendik, \u0130stanbul\"\n\t\t\t><\/iframe>\n\t\t<\/div>\n\t\t\t\t\t\t<\/div>\n\t\t\t\t<\/div>\n\t\t\t\t\t<\/div>\n\t\t<\/div>\n\t\t\t\t\t<\/div>\n\t\t<\/section>\n\t\t\t\t<\/div>\n\t\t","protected":false},"excerpt":{"rendered":"<p class=\"tx-excerpt\">ADRES Goudse Rijweg 3823031 CK RottterdamThe Netherlands MVK Work-square Yeni\u015fehir Mah., Mustafa Akyol Sokak, A2 Blok, No:13, D:221, 34912 Pendik, \u0130stanbul, T\u00fcrkiye TELEFON Hollanda +31 85 488 2256 E-POSTA info@hollandtradecenteristanbul.com \u0130sminiz* E-posta* Konu* Mesaj\u0131n\u0131z (iste\u011fe...<\/p>","protected":false},"author":1,"featured_media":0,"parent":0,"menu_order":0,"comment_status":"closed","ping_status":"closed","template":"templates\/blank.php","meta":{"footnotes":""},"class_list":["post-263","page","type-page","status-publish","hentry"],"yoast_head":"<!-- This site is optimized with the Yoast SEO plugin v27.4 - https:\/\/yoast.com\/product\/yoast-seo-wordpress\/ -->\n<title>\u0130leti\u015fim - Holland Trade Center Istanbul - T\u00fcrk\u00e7e<\/title>\n<meta name=\"robots\" content=\"index, follow, max-snippet:-1, max-image-preview:large, max-video-preview:-1\" \/>\n<link rel=\"canonical\" href=\"https:\/\/tr.hollandtradecenteristanbul.com\/index.php\/iletisim-tr\/\" \/>\n<meta property=\"og:locale\" content=\"nl_NL\" \/>\n<meta property=\"og:type\" content=\"article\" \/>\n<meta property=\"og:title\" content=\"\u0130leti\u015fim - Holland Trade Center Istanbul - T\u00fcrk\u00e7e\" \/>\n<meta property=\"og:description\" content=\"ADRES Goudse Rijweg 3823031 CK RottterdamThe Netherlands MVK Work-square Yeni\u015fehir Mah., Mustafa Akyol Sokak, A2 Blok, No:13, D:221, 34912 Pendik, \u0130stanbul, T\u00fcrkiye TELEFON Hollanda +31 85 488 2256 E-POSTA info@hollandtradecenteristanbul.com \u0130sminiz* E-posta* Konu* Mesaj\u0131n\u0131z (iste\u011fe ba\u011fl\u0131) Ki\u015fisel Verilerin Korunmas\u0131 Kanunu bilgilendirmesini okuyarak kutucu\u011funu i\u015faretleyiniz.* &#916;\" \/>\n<meta property=\"og:url\" content=\"https:\/\/tr.hollandtradecenteristanbul.com\/index.php\/iletisim-tr\/\" \/>\n<meta property=\"og:site_name\" content=\"Holland Trade Center Istanbul - T\u00fcrk\u00e7e\" \/>\n<meta property=\"article:modified_time\" content=\"2025-12-10T11:13:26+00:00\" \/>\n<meta name=\"twitter:card\" content=\"summary_large_image\" \/>\n<meta name=\"twitter:label1\" content=\"Geschatte leestijd\" \/>\n\t<meta name=\"twitter:data1\" content=\"1 minuut\" \/>\n<script type=\"application\/ld+json\" class=\"yoast-schema-graph\">{\"@context\":\"https:\\\/\\\/schema.org\",\"@graph\":[{\"@type\":\"WebPage\",\"@id\":\"https:\\\/\\\/tr.hollandtradecenteristanbul.com\\\/index.php\\\/iletisim-tr\\\/\",\"url\":\"https:\\\/\\\/tr.hollandtradecenteristanbul.com\\\/index.php\\\/iletisim-tr\\\/\",\"name\":\"\u0130leti\u015fim - Holland Trade Center Istanbul - T\u00fcrk\u00e7e\",\"isPartOf\":{\"@id\":\"https:\\\/\\\/tr.hollandtradecenteristanbul.com\\\/#website\"},\"datePublished\":\"2019-10-29T09:59:46+00:00\",\"dateModified\":\"2025-12-10T11:13:26+00:00\",\"breadcrumb\":{\"@id\":\"https:\\\/\\\/tr.hollandtradecenteristanbul.com\\\/index.php\\\/iletisim-tr\\\/#breadcrumb\"},\"inLanguage\":\"nl-NL\",\"potentialAction\":[{\"@type\":\"ReadAction\",\"target\":[\"https:\\\/\\\/tr.hollandtradecenteristanbul.com\\\/index.php\\\/iletisim-tr\\\/\"]}]},{\"@type\":\"BreadcrumbList\",\"@id\":\"https:\\\/\\\/tr.hollandtradecenteristanbul.com\\\/index.php\\\/iletisim-tr\\\/#breadcrumb\",\"itemListElement\":[{\"@type\":\"ListItem\",\"position\":1,\"name\":\"Home\",\"item\":\"https:\\\/\\\/tr.hollandtradecenteristanbul.com\\\/\"},{\"@type\":\"ListItem\",\"position\":2,\"name\":\"\u0130leti\u015fim\"}]},{\"@type\":\"WebSite\",\"@id\":\"https:\\\/\\\/tr.hollandtradecenteristanbul.com\\\/#website\",\"url\":\"https:\\\/\\\/tr.hollandtradecenteristanbul.com\\\/\",\"name\":\"Holland Trade Center Istanbul - T\u00fcrk\u00e7e\",\"description\":\"Where  business works like back home\",\"potentialAction\":[{\"@type\":\"SearchAction\",\"target\":{\"@type\":\"EntryPoint\",\"urlTemplate\":\"https:\\\/\\\/tr.hollandtradecenteristanbul.com\\\/?s={search_term_string}\"},\"query-input\":{\"@type\":\"PropertyValueSpecification\",\"valueRequired\":true,\"valueName\":\"search_term_string\"}}],\"inLanguage\":\"nl-NL\"}]}<\/script>\n<!-- \/ Yoast SEO plugin. -->","yoast_head_json":{"title":"\u0130leti\u015fim - Holland Trade Center Istanbul - T\u00fcrk\u00e7e","robots":{"index":"index","follow":"follow","max-snippet":"max-snippet:-1","max-image-preview":"max-image-preview:large","max-video-preview":"max-video-preview:-1"},"canonical":"https:\/\/tr.hollandtradecenteristanbul.com\/index.php\/iletisim-tr\/","og_locale":"nl_NL","og_type":"article","og_title":"\u0130leti\u015fim - Holland Trade Center Istanbul - T\u00fcrk\u00e7e","og_description":"ADRES Goudse Rijweg 3823031 CK RottterdamThe Netherlands MVK Work-square Yeni\u015fehir Mah., Mustafa Akyol Sokak, A2 Blok, No:13, D:221, 34912 Pendik, \u0130stanbul, T\u00fcrkiye TELEFON Hollanda +31 85 488 2256 E-POSTA info@hollandtradecenteristanbul.com \u0130sminiz* E-posta* Konu* Mesaj\u0131n\u0131z (iste\u011fe ba\u011fl\u0131) Ki\u015fisel Verilerin Korunmas\u0131 Kanunu bilgilendirmesini okuyarak kutucu\u011funu i\u015faretleyiniz.* &#916;","og_url":"https:\/\/tr.hollandtradecenteristanbul.com\/index.php\/iletisim-tr\/","og_site_name":"Holland Trade Center Istanbul - T\u00fcrk\u00e7e","article_modified_time":"2025-12-10T11:13:26+00:00","twitter_card":"summary_large_image","twitter_misc":{"Geschatte leestijd":"1 minuut"},"schema":{"@context":"https:\/\/schema.org","@graph":[{"@type":"WebPage","@id":"https:\/\/tr.hollandtradecenteristanbul.com\/index.php\/iletisim-tr\/","url":"https:\/\/tr.hollandtradecenteristanbul.com\/index.php\/iletisim-tr\/","name":"\u0130leti\u015fim - Holland Trade Center Istanbul - T\u00fcrk\u00e7e","isPartOf":{"@id":"https:\/\/tr.hollandtradecenteristanbul.com\/#website"},"datePublished":"2019-10-29T09:59:46+00:00","dateModified":"2025-12-10T11:13:26+00:00","breadcrumb":{"@id":"https:\/\/tr.hollandtradecenteristanbul.com\/index.php\/iletisim-tr\/#breadcrumb"},"inLanguage":"nl-NL","potentialAction":[{"@type":"ReadAction","target":["https:\/\/tr.hollandtradecenteristanbul.com\/index.php\/iletisim-tr\/"]}]},{"@type":"BreadcrumbList","@id":"https:\/\/tr.hollandtradecenteristanbul.com\/index.php\/iletisim-tr\/#breadcrumb","itemListElement":[{"@type":"ListItem","position":1,"name":"Home","item":"https:\/\/tr.hollandtradecenteristanbul.com\/"},{"@type":"ListItem","position":2,"name":"\u0130leti\u015fim"}]},{"@type":"WebSite","@id":"https:\/\/tr.hollandtradecenteristanbul.com\/#website","url":"https:\/\/tr.hollandtradecenteristanbul.com\/","name":"Holland Trade Center Istanbul - T\u00fcrk\u00e7e","description":"Where  business works like back home","potentialAction":[{"@type":"SearchAction","target":{"@type":"EntryPoint","urlTemplate":"https:\/\/tr.hollandtradecenteristanbul.com\/?s={search_term_string}"},"query-input":{"@type":"PropertyValueSpecification","valueRequired":true,"valueName":"search_term_string"}}],"inLanguage":"nl-NL"}]}},"_links":{"self":[{"href":"https:\/\/tr.hollandtradecenteristanbul.com\/index.php\/wp-json\/wp\/v2\/pages\/263","targetHints":{"allow":["GET"]}}],"collection":[{"href":"https:\/\/tr.hollandtradecenteristanbul.com\/index.php\/wp-json\/wp\/v2\/pages"}],"about":[{"href":"https:\/\/tr.hollandtradecenteristanbul.com\/index.php\/wp-json\/wp\/v2\/types\/page"}],"author":[{"embeddable":true,"href":"https:\/\/tr.hollandtradecenteristanbul.com\/index.php\/wp-json\/wp\/v2\/users\/1"}],"replies":[{"embeddable":true,"href":"https:\/\/tr.hollandtradecenteristanbul.com\/index.php\/wp-json\/wp\/v2\/comments?post=263"}],"version-history":[{"count":55,"href":"https:\/\/tr.hollandtradecenteristanbul.com\/index.php\/wp-json\/wp\/v2\/pages\/263\/revisions"}],"predecessor-version":[{"id":1403,"href":"https:\/\/tr.hollandtradecenteristanbul.com\/index.php\/wp-json\/wp\/v2\/pages\/263\/revisions\/1403"}],"wp:attachment":[{"href":"https:\/\/tr.hollandtradecenteristanbul.com\/index.php\/wp-json\/wp\/v2\/media?parent=263"}],"curies":[{"name":"wp","href":"https:\/\/api.w.org\/{rel}","templated":true}]}}