{"id":640,"date":"2024-06-09T15:10:41","date_gmt":"2024-06-09T12:10:41","guid":{"rendered":"https:\/\/tr.hollandtradecenteristanbul.com\/?page_id=640"},"modified":"2025-02-12T22:28:59","modified_gmt":"2025-02-12T19:28:59","slug":"ticari-heyet-organizasyonu","status":"publish","type":"page","link":"https:\/\/tr.hollandtradecenteristanbul.com\/index.php\/ticari-heyet-organizasyonu\/","title":{"rendered":"Ticari Heyet Organizasyonu"},"content":{"rendered":"\t\t<div data-elementor-type=\"wp-page\" data-elementor-id=\"640\" class=\"elementor elementor-640\">\n\t\t\t\t<div class=\"elementor-element elementor-element-ea92773 e-grid e-con-boxed e-con e-parent\" data-id=\"ea92773\" data-element_type=\"container\" data-e-type=\"container\">\n\t\t\t\t\t<div class=\"e-con-inner\">\n\t\t\t\t<div class=\"elementor-element elementor-element-ed59008 elementor-widget elementor-widget-text-editor\" data-id=\"ed59008\" data-element_type=\"widget\" data-e-type=\"widget\" data-widget_type=\"text-editor.default\">\n\t\t\t\t<div class=\"elementor-widget-container\">\n\t\t\t\t\t\t\t\t\t<p>Uluslararas\u0131 pazarda g\u00fc\u00e7l\u00fc ba\u011flant\u0131lar kurmak isteyen \u015firketler i\u00e7in ticari ziyaretleri <strong>stratejik ve hedef odakl\u0131<\/strong> \u015fekilde planl\u0131yoruz. \u015eirketinizin ihtiya\u00e7lar\u0131na g\u00f6re <strong>bireysel veya grup format\u0131nda<\/strong> organize edilen ziyaretler, ihracat\u00e7\u0131 birlikleri, ticari ata\u015felikler, uluslararas\u0131 fuarlar, i\u015f konseyleri ve B2B toplant\u0131lar\u0131n\u0131 kapsar.<\/p><p><strong>Ba\u015far\u0131 Hikayesi:<\/strong><br \/><strong>Dan\u0131\u015fman\u0131m\u0131z Emre Y\u0131ld\u0131z<\/strong>, bir T\u00fcrk yaz\u0131l\u0131m firmas\u0131n\u0131n <strong>Hollanda\u2019n\u0131n en b\u00fcy\u00fck teknoloji fuar\u0131nda<\/strong> do\u011fru i\u015f ba\u011flant\u0131lar\u0131 kurmas\u0131n\u0131 sa\u011flad\u0131. <strong>\u00d6ncesinde<\/strong>, fuar kat\u0131l\u0131mc\u0131lar\u0131 analiz edilerek firma i\u00e7in <strong>\u00f6ncelikli g\u00f6r\u00fc\u015fme listesi olu\u015fturuldu<\/strong>. <strong>Fuarda<\/strong>, belirlenen \u00fc\u00e7 b\u00fcy\u00fck yat\u0131r\u0131mc\u0131yla birebir toplant\u0131lar organize edildi ve <strong>anl\u0131k terc\u00fcme deste\u011fi<\/strong> sa\u011fland\u0131. <strong>Sonu\u00e7 olarak<\/strong>, firma yaln\u0131zca \u00fc\u00e7 ay i\u00e7inde <strong>Hollanda\u2019da ilk i\u015f ortakl\u0131\u011f\u0131n\u0131 resmile\u015ftirdi<\/strong>.<\/p><p><strong>Y\u00f6ntemlerimiz:<\/strong><\/p><ul><li><strong>\u00d6n Ara\u015ft\u0131rma &amp; Stratejik Planlama:<\/strong> Potansiyel i\u015f ortaklar\u0131n\u0131n detayl\u0131 analizleri yap\u0131larak en verimli g\u00f6r\u00fc\u015fmeler planlan\u0131r.<\/li><li><strong>Etkili Ba\u011flant\u0131 Kurma:<\/strong> Do\u011fru ki\u015filere ula\u015fmak i\u00e7in sekt\u00f6r odakl\u0131 a\u011flar\u0131m\u0131z kullan\u0131l\u0131r.<\/li><li><strong>Yerinde Destek:<\/strong> Toplant\u0131 y\u00f6netimi, m\u00fczakere s\u00fcreci ve terc\u00fcme deste\u011fi sa\u011flan\u0131r.<\/li><\/ul><p>\ud83d\udcde <strong>Siz de ticari ili\u015fkilerinizi g\u00fc\u00e7lendirmek i\u00e7in bizimle ileti\u015fime ge\u00e7in!<\/strong><\/p>\t\t\t\t\t\t\t\t<\/div>\n\t\t\t\t<\/div>\n\t\t\t\t<div class=\"elementor-element elementor-element-4954358 elementor-widget elementor-widget-image\" data-id=\"4954358\" data-element_type=\"widget\" data-e-type=\"widget\" data-widget_type=\"image.default\">\n\t\t\t\t<div class=\"elementor-widget-container\">\n\t\t\t\t\t\t\t\t\t\t\t\t\t\t\t<img fetchpriority=\"high\" decoding=\"async\" width=\"1024\" height=\"1024\" src=\"https:\/\/tr.hollandtradecenteristanbul.com\/wp-content\/uploads\/2024\/06\/Ticari-Heyet-Organizasyonu.jpg\" class=\"attachment-large size-large wp-image-699\" alt=\"\" srcset=\"https:\/\/tr.hollandtradecenteristanbul.com\/wp-content\/uploads\/2024\/06\/Ticari-Heyet-Organizasyonu.jpg 1024w, https:\/\/tr.hollandtradecenteristanbul.com\/wp-content\/uploads\/2024\/06\/Ticari-Heyet-Organizasyonu-300x300.jpg 300w, https:\/\/tr.hollandtradecenteristanbul.com\/wp-content\/uploads\/2024\/06\/Ticari-Heyet-Organizasyonu-150x150.jpg 150w, https:\/\/tr.hollandtradecenteristanbul.com\/wp-content\/uploads\/2024\/06\/Ticari-Heyet-Organizasyonu-768x768.jpg 768w, https:\/\/tr.hollandtradecenteristanbul.com\/wp-content\/uploads\/2024\/06\/Ticari-Heyet-Organizasyonu-525x525.jpg 525w, https:\/\/tr.hollandtradecenteristanbul.com\/wp-content\/uploads\/2024\/06\/Ticari-Heyet-Organizasyonu-80x80.jpg 80w, https:\/\/tr.hollandtradecenteristanbul.com\/wp-content\/uploads\/2024\/06\/Ticari-Heyet-Organizasyonu-360x360.jpg 360w, https:\/\/tr.hollandtradecenteristanbul.com\/wp-content\/uploads\/2024\/06\/Ticari-Heyet-Organizasyonu-373x373.jpg 373w, https:\/\/tr.hollandtradecenteristanbul.com\/wp-content\/uploads\/2024\/06\/Ticari-Heyet-Organizasyonu-620x620.jpg 620w, https:\/\/tr.hollandtradecenteristanbul.com\/wp-content\/uploads\/2024\/06\/Ticari-Heyet-Organizasyonu-460x460.jpg 460w, https:\/\/tr.hollandtradecenteristanbul.com\/wp-content\/uploads\/2024\/06\/Ticari-Heyet-Organizasyonu-365x365.jpg 365w\" sizes=\"(max-width: 1024px) 100vw, 1024px\" \/>\t\t\t\t\t\t\t\t\t\t\t\t\t\t\t<\/div>\n\t\t\t\t<\/div>\n\t\t\t\t\t<\/div>\n\t\t\t\t<\/div>\n\t\t<div class=\"elementor-element elementor-element-43d3f3e e-flex e-con-boxed e-con e-parent\" data-id=\"43d3f3e\" data-element_type=\"container\" data-e-type=\"container\">\n\t\t\t\t\t<div class=\"e-con-inner\">\n\t\t\t\t<div class=\"elementor-element elementor-element-cbe0774 elementor-widget elementor-widget-heading\" data-id=\"cbe0774\" data-element_type=\"widget\" data-e-type=\"widget\" data-widget_type=\"heading.default\">\n\t\t\t\t<div class=\"elementor-widget-container\">\n\t\t\t\t\t<h2 class=\"elementor-heading-title elementor-size-default\">\u0130lgilendi\u011finiz konular\u0131 a\u015fa\u011f\u0131da se\u00e7in<\/h2>\t\t\t\t<\/div>\n\t\t\t\t<\/div>\n\t\t\t\t<div class=\"elementor-element elementor-element-24e1013 elementor-widget elementor-widget-shortcode\" data-id=\"24e1013\" data-element_type=\"widget\" data-e-type=\"widget\" data-widget_type=\"shortcode.default\">\n\t\t\t\t<div class=\"elementor-widget-container\">\n\t\t\t\t\t\t\t<div class=\"elementor-shortcode\">\n<div class=\"wpcf7 no-js\" id=\"wpcf7-f667-o1\" lang=\"nl-NL\" dir=\"ltr\" data-wpcf7-id=\"667\">\n<div class=\"screen-reader-response\"><p role=\"status\" aria-live=\"polite\" aria-atomic=\"true\"><\/p> <ul><\/ul><\/div>\n<form action=\"\/index.php\/wp-json\/wp\/v2\/pages\/640#wpcf7-f667-o1\" method=\"post\" class=\"wpcf7-form init\" aria-label=\"Contactformulier\" novalidate=\"novalidate\" data-status=\"init\">\n<fieldset class=\"hidden-fields-container\"><input type=\"hidden\" name=\"_wpcf7\" value=\"667\" \/><input type=\"hidden\" name=\"_wpcf7_version\" value=\"6.1.5\" \/><input type=\"hidden\" name=\"_wpcf7_locale\" value=\"nl_NL\" \/><input type=\"hidden\" name=\"_wpcf7_unit_tag\" value=\"wpcf7-f667-o1\" \/><input type=\"hidden\" name=\"_wpcf7_container_post\" value=\"0\" \/><input type=\"hidden\" name=\"_wpcf7_posted_data_hash\" value=\"\" \/><input type=\"hidden\" name=\"_cf7a__timestamp\" value=\"PoPgseakF5zxtjhoDZpTDw==\" \/><input type=\"hidden\" name=\"_cf7a_version\" value=\"1.0\" \/><input type=\"hidden\" name=\"_cf7a_address\" value=\"\" \/><input type=\"hidden\" name=\"_cf7a_referer\" value=\"\" \/><input type=\"hidden\" name=\"_cf7a_protocol\" value=\"\" \/><input type=\"hidden\" name=\"_extcf7_conditional_options\" value=\"{&quot;form_id&quot;:667,&quot;conditions&quot;:[]}\" \/><input type=\"hidden\" name=\"_extcf7_redirect_options\" value=\"{&quot;form_id&quot;:667,&quot;redirect_options&quot;:{&quot;redirection_enable&quot;:&quot;off&quot;,&quot;custom_url_enable&quot;:&quot;off&quot;,&quot;redirect_page&quot;:&quot;&quot;,&quot;custom_urle&quot;:&quot;&quot;,&quot;redirect_new_tab&quot;:&quot;off&quot;,&quot;js_action&quot;:&quot;off&quot;,&quot;javascript_code&quot;:&quot;&quot;}}\" \/><input type=\"hidden\" name=\"_cf7a_bot_fingerprint\" value=\"PoPgseakF5zxtjhoDZpTDw==\" \/><input type=\"hidden\" name=\"_cf7a_bot_fingerprint_extras\" \/><input type=\"hidden\" name=\"_cf7a_append_on_submit\" \/>\n<\/fieldset>\n<p><label> \u0130sminiz<br \/>\n<span class=\"wpcf7-form-control-wrap\" data-name=\"your-name\"><input type=\"text\" name=\"name\" value=\"\" autocomplete=\"fill\" class=\"fit-the-fullspace\" aria-hidden=\"true\" tabindex=\"-1\" \/><input size=\"40\" maxlength=\"400\" class=\"wpcf7-form-control wpcf7-text wpcf7-validates-as-required\" autocomplete=\"name\" aria-required=\"true\" aria-invalid=\"false\" value=\"\" type=\"text\" name=\"your-name\" \/><\/span> <\/label>\n<\/p>\n<p><label> E-posta<br \/>\n<span class=\"wpcf7-form-control-wrap\" data-name=\"your-email\"><input size=\"40\" maxlength=\"400\" class=\"wpcf7-form-control wpcf7-email wpcf7-validates-as-required wpcf7-text wpcf7-validates-as-email\" autocomplete=\"email\" aria-required=\"true\" aria-invalid=\"false\" value=\"\" type=\"email\" name=\"your-email\" \/><\/span> <\/label>\n<\/p>\n<p>Konu(lar):<br \/>\n<span class=\"wpcf7-form-control-wrap\" data-name=\"checkbox-657\"><span class=\"wpcf7-form-control wpcf7-checkbox\"><span class=\"wpcf7-list-item first\"><label><input type=\"checkbox\" name=\"checkbox-657[]\" value=\"\u00c7eviri ve Terc\u00fcmanl\u0131k Hizmetleri\" \/><span class=\"wpcf7-list-item-label\">\u00c7eviri ve Terc\u00fcmanl\u0131k Hizmetleri<\/span><\/label><\/span><span class=\"wpcf7-list-item\"><label><input type=\"checkbox\" name=\"checkbox-657[]\" value=\"Firma G\u00fcvenilirlik Ara\u015ft\u0131rmas\u0131\" \/><span class=\"wpcf7-list-item-label\">Firma G\u00fcvenilirlik Ara\u015ft\u0131rmas\u0131<\/span><\/label><\/span><span class=\"wpcf7-list-item\"><label><input type=\"checkbox\" name=\"checkbox-657[]\" value=\"Ge\u00e7ici Y\u00f6netim Hizmetleri\" \/><span class=\"wpcf7-list-item-label\">Ge\u00e7ici Y\u00f6netim Hizmetleri<\/span><\/label><\/span><span class=\"wpcf7-list-item\"><label><input type=\"checkbox\" name=\"checkbox-657[]\" value=\"Hukuksal Dan\u0131\u015fmanl\u0131k\" \/><span class=\"wpcf7-list-item-label\">Hukuksal Dan\u0131\u015fmanl\u0131k<\/span><\/label><\/span><span class=\"wpcf7-list-item\"><label><input type=\"checkbox\" name=\"checkbox-657[]\" value=\"\u0130\u015f K\u00fclt\u00fcr\u00fc E\u011fitimleri\" \/><span class=\"wpcf7-list-item-label\">\u0130\u015f K\u00fclt\u00fcr\u00fc E\u011fitimleri<\/span><\/label><\/span><span class=\"wpcf7-list-item\"><label><input type=\"checkbox\" name=\"checkbox-657[]\" value=\"\u0130\u015f Plan\u0131 Olu\u015fturma\" \/><span class=\"wpcf7-list-item-label\">\u0130\u015f Plan\u0131 Olu\u015fturma<\/span><\/label><\/span><span class=\"wpcf7-list-item\"><label><input type=\"checkbox\" name=\"checkbox-657[]\" value=\"K\u00fclt\u00fcrleraras\u0131 Adaptasyon E\u011fitimleri\" \/><span class=\"wpcf7-list-item-label\">K\u00fclt\u00fcrleraras\u0131 Adaptasyon E\u011fitimleri<\/span><\/label><\/span><span class=\"wpcf7-list-item\"><label><input type=\"checkbox\" name=\"checkbox-657[]\" value=\"Muhasebe ve Mali Y\u00f6netim \u00c7\u00f6z\u00fcmleri\" \/><span class=\"wpcf7-list-item-label\">Muhasebe ve Mali Y\u00f6netim \u00c7\u00f6z\u00fcmleri<\/span><\/label><\/span><span class=\"wpcf7-list-item\"><label><input type=\"checkbox\" name=\"checkbox-657[]\" value=\"Ofis ve Depo Kiralama \/ Sat\u0131n Alma\" \/><span class=\"wpcf7-list-item-label\">Ofis ve Depo Kiralama \/ Sat\u0131n Alma<\/span><\/label><\/span><span class=\"wpcf7-list-item\"><label><input type=\"checkbox\" name=\"checkbox-657[]\" value=\"Payrolling Hizmetleri\" \/><span class=\"wpcf7-list-item-label\">Payrolling Hizmetleri<\/span><\/label><\/span><span class=\"wpcf7-list-item\"><label><input type=\"checkbox\" name=\"checkbox-657[]\" value=\"Pazar Ara\u015ft\u0131rmas\u0131\" \/><span class=\"wpcf7-list-item-label\">Pazar Ara\u015ft\u0131rmas\u0131<\/span><\/label><\/span><span class=\"wpcf7-list-item\"><label><input type=\"checkbox\" name=\"checkbox-657[]\" value=\"Personel Bulma \/ Outsourcing\" \/><span class=\"wpcf7-list-item-label\">Personel Bulma \/ Outsourcing<\/span><\/label><\/span><span class=\"wpcf7-list-item\"><label><input type=\"checkbox\" name=\"checkbox-657[]\" value=\"Potansiyel M\u00fc\u015fteri Ara\u015ft\u0131rmas\u0131\" \/><span class=\"wpcf7-list-item-label\">Potansiyel M\u00fc\u015fteri Ara\u015ft\u0131rmas\u0131<\/span><\/label><\/span><span class=\"wpcf7-list-item\"><label><input type=\"checkbox\" name=\"checkbox-657[]\" value=\"\u015eirket  Kurulu\u015fu\" \/><span class=\"wpcf7-list-item-label\">\u015eirket  Kurulu\u015fu<\/span><\/label><\/span><span class=\"wpcf7-list-item\"><label><input type=\"checkbox\" name=\"checkbox-657[]\" value=\"Ta\u015f\u0131mac\u0131l\u0131k\" \/><span class=\"wpcf7-list-item-label\">Ta\u015f\u0131mac\u0131l\u0131k<\/span><\/label><\/span><span class=\"wpcf7-list-item\"><label><input type=\"checkbox\" name=\"checkbox-657[]\" value=\"Tespit ve Fizibilite Hizmetleri\" \/><span class=\"wpcf7-list-item-label\">Tespit ve Fizibilite Hizmetleri<\/span><\/label><\/span><span class=\"wpcf7-list-item\"><label><input type=\"checkbox\" name=\"checkbox-657[]\" value=\"Ticari alacaklar\" \/><span class=\"wpcf7-list-item-label\">Ticari alacaklar<\/span><\/label><\/span><span class=\"wpcf7-list-item\"><label><input type=\"checkbox\" name=\"checkbox-657[]\" value=\"Ticari Heyet Organizasyonu\" \/><span class=\"wpcf7-list-item-label\">Ticari Heyet Organizasyonu<\/span><\/label><\/span><span class=\"wpcf7-list-item\"><label><input type=\"checkbox\" name=\"checkbox-657[]\" value=\"Ticari Yakla\u015f\u0131m Bilinci\" \/><span class=\"wpcf7-list-item-label\">Ticari Yakla\u015f\u0131m Bilinci<\/span><\/label><\/span><span class=\"wpcf7-list-item\"><label><input type=\"checkbox\" name=\"checkbox-657[]\" value=\"Uluslararas\u0131 \u0130\u015f Prensipleri ve Etik Temelli \u00c7\u00f6z\u00fcmler\" \/><span class=\"wpcf7-list-item-label\">Uluslararas\u0131 \u0130\u015f Prensipleri ve Etik Temelli \u00c7\u00f6z\u00fcmler<\/span><\/label><\/span><span class=\"wpcf7-list-item\"><label><input type=\"checkbox\" name=\"checkbox-657[]\" value=\"Uzla\u015fma Deste\u011fi\" \/><span class=\"wpcf7-list-item-label\">Uzla\u015fma Deste\u011fi<\/span><\/label><\/span><span class=\"wpcf7-list-item\"><label><input type=\"checkbox\" name=\"checkbox-657[]\" value=\"Vize ve Oturum \u0130zni Ba\u015fvurusu\" \/><span class=\"wpcf7-list-item-label\">Vize ve Oturum \u0130zni Ba\u015fvurusu<\/span><\/label><\/span><span class=\"wpcf7-list-item\"><label><input type=\"checkbox\" name=\"checkbox-657[]\" value=\"Web Seminerleri\" \/><span class=\"wpcf7-list-item-label\">Web Seminerleri<\/span><\/label><\/span><span class=\"wpcf7-list-item last\"><label><input type=\"checkbox\" name=\"checkbox-657[]\" value=\"Ye\u015fil Mutabakat\" \/><span class=\"wpcf7-list-item-label\">Ye\u015fil Mutabakat<\/span><\/label><\/span><\/span><\/span>\n<\/p>\n<p><label> Mesaj\u0131n\u0131z (iste\u011fe ba\u011fl\u0131)<br \/>\n<span class=\"wpcf7-form-control-wrap\" data-name=\"your-message\"><textarea cols=\"40\" rows=\"10\" maxlength=\"2000\" class=\"wpcf7-form-control wpcf7-textarea\" aria-invalid=\"false\" name=\"your-message\"><\/textarea><\/span> <\/label>\n<\/p>\n<p><input class=\"wpcf7-form-control wpcf7-submit has-spinner\" type=\"submit\" value=\"G\u00f6nder\" \/>\n<\/p><p style=\"display: none !important;\" class=\"akismet-fields-container\" data-prefix=\"_wpcf7_ak_\"><label>&#916;<textarea name=\"_wpcf7_ak_hp_textarea\" cols=\"45\" rows=\"8\" maxlength=\"100\"><\/textarea><\/label><input type=\"hidden\" id=\"ak_js_1\" name=\"_wpcf7_ak_js\" value=\"169\"\/><script>document.getElementById( \"ak_js_1\" ).setAttribute( \"value\", ( new Date() ).getTime() );<\/script><\/p><div class=\"wpcf7-response-output\" aria-hidden=\"true\"><\/div>\n<\/form>\n<\/div>\n<\/div>\n\t\t\t\t\t\t<\/div>\n\t\t\t\t<\/div>\n\t\t\t\t\t<\/div>\n\t\t\t\t<\/div>\n\t\t\t\t<\/div>\n\t\t","protected":false},"excerpt":{"rendered":"<p class=\"tx-excerpt\">Uluslararas\u0131 pazarda g\u00fc\u00e7l\u00fc ba\u011flant\u0131lar kurmak isteyen \u015firketler i\u00e7in ticari ziyaretleri stratejik ve hedef odakl\u0131 \u015fekilde planl\u0131yoruz. \u015eirketinizin ihtiya\u00e7lar\u0131na g\u00f6re bireysel veya grup format\u0131nda organize edilen ziyaretler, ihracat\u00e7\u0131 birlikleri, ticari ata\u015felikler, uluslararas\u0131 fuarlar, i\u015f konseyleri ve...<\/p>","protected":false},"author":1,"featured_media":0,"parent":0,"menu_order":0,"comment_status":"closed","ping_status":"closed","template":"","meta":{"footnotes":""},"class_list":["post-640","page","type-page","status-publish","hentry"],"yoast_head":"<!-- This site is optimized with the Yoast SEO plugin v27.4 - https:\/\/yoast.com\/product\/yoast-seo-wordpress\/ -->\n<title>Ticari Heyet Organizasyonu - Holland Trade Center Istanbul - T\u00fcrk\u00e7e<\/title>\n<meta name=\"robots\" content=\"index, follow, max-snippet:-1, max-image-preview:large, max-video-preview:-1\" \/>\n<link rel=\"canonical\" href=\"https:\/\/tr.hollandtradecenteristanbul.com\/index.php\/ticari-heyet-organizasyonu\/\" \/>\n<meta property=\"og:locale\" content=\"nl_NL\" \/>\n<meta property=\"og:type\" content=\"article\" \/>\n<meta property=\"og:title\" content=\"Ticari Heyet Organizasyonu - Holland Trade Center Istanbul - T\u00fcrk\u00e7e\" \/>\n<meta property=\"og:description\" content=\"Uluslararas\u0131 pazarda g\u00fc\u00e7l\u00fc ba\u011flant\u0131lar kurmak isteyen \u015firketler i\u00e7in ticari ziyaretleri stratejik ve hedef odakl\u0131 \u015fekilde planl\u0131yoruz. \u015eirketinizin ihtiya\u00e7lar\u0131na g\u00f6re bireysel veya grup format\u0131nda organize edilen ziyaretler, ihracat\u00e7\u0131 birlikleri, ticari ata\u015felikler, uluslararas\u0131 fuarlar, i\u015f konseyleri ve B2B toplant\u0131lar\u0131n\u0131 kapsar. Ba\u015far\u0131 Hikayesi:Dan\u0131\u015fman\u0131m\u0131z Emre Y\u0131ld\u0131z, bir T\u00fcrk yaz\u0131l\u0131m firmas\u0131n\u0131n Hollanda\u2019n\u0131n en b\u00fcy\u00fck teknoloji fuar\u0131nda do\u011fru i\u015f ba\u011flant\u0131lar\u0131 kurmas\u0131n\u0131 [&hellip;]\" \/>\n<meta property=\"og:url\" content=\"https:\/\/tr.hollandtradecenteristanbul.com\/index.php\/ticari-heyet-organizasyonu\/\" \/>\n<meta property=\"og:site_name\" content=\"Holland Trade Center Istanbul - T\u00fcrk\u00e7e\" \/>\n<meta property=\"article:modified_time\" content=\"2025-02-12T19:28:59+00:00\" \/>\n<meta property=\"og:image\" content=\"https:\/\/tr.hollandtradecenteristanbul.com\/wp-content\/uploads\/2024\/06\/Ticari-Heyet-Organizasyonu.jpg\" \/>\n\t<meta property=\"og:image:width\" content=\"1024\" \/>\n\t<meta property=\"og:image:height\" content=\"1024\" \/>\n\t<meta property=\"og:image:type\" content=\"image\/jpeg\" \/>\n<meta name=\"twitter:card\" content=\"summary_large_image\" \/>\n<meta name=\"twitter:label1\" content=\"Geschatte leestijd\" \/>\n\t<meta name=\"twitter:data1\" content=\"2 minuten\" \/>\n<script type=\"application\/ld+json\" class=\"yoast-schema-graph\">{\"@context\":\"https:\\\/\\\/schema.org\",\"@graph\":[{\"@type\":\"WebPage\",\"@id\":\"https:\\\/\\\/tr.hollandtradecenteristanbul.com\\\/index.php\\\/ticari-heyet-organizasyonu\\\/\",\"url\":\"https:\\\/\\\/tr.hollandtradecenteristanbul.com\\\/index.php\\\/ticari-heyet-organizasyonu\\\/\",\"name\":\"Ticari Heyet Organizasyonu - Holland Trade Center Istanbul - T\u00fcrk\u00e7e\",\"isPartOf\":{\"@id\":\"https:\\\/\\\/tr.hollandtradecenteristanbul.com\\\/#website\"},\"primaryImageOfPage\":{\"@id\":\"https:\\\/\\\/tr.hollandtradecenteristanbul.com\\\/index.php\\\/ticari-heyet-organizasyonu\\\/#primaryimage\"},\"image\":{\"@id\":\"https:\\\/\\\/tr.hollandtradecenteristanbul.com\\\/index.php\\\/ticari-heyet-organizasyonu\\\/#primaryimage\"},\"thumbnailUrl\":\"https:\\\/\\\/tr.hollandtradecenteristanbul.com\\\/wp-content\\\/uploads\\\/2024\\\/06\\\/Ticari-Heyet-Organizasyonu.jpg\",\"datePublished\":\"2024-06-09T12:10:41+00:00\",\"dateModified\":\"2025-02-12T19:28:59+00:00\",\"breadcrumb\":{\"@id\":\"https:\\\/\\\/tr.hollandtradecenteristanbul.com\\\/index.php\\\/ticari-heyet-organizasyonu\\\/#breadcrumb\"},\"inLanguage\":\"nl-NL\",\"potentialAction\":[{\"@type\":\"ReadAction\",\"target\":[\"https:\\\/\\\/tr.hollandtradecenteristanbul.com\\\/index.php\\\/ticari-heyet-organizasyonu\\\/\"]}]},{\"@type\":\"ImageObject\",\"inLanguage\":\"nl-NL\",\"@id\":\"https:\\\/\\\/tr.hollandtradecenteristanbul.com\\\/index.php\\\/ticari-heyet-organizasyonu\\\/#primaryimage\",\"url\":\"https:\\\/\\\/tr.hollandtradecenteristanbul.com\\\/wp-content\\\/uploads\\\/2024\\\/06\\\/Ticari-Heyet-Organizasyonu.jpg\",\"contentUrl\":\"https:\\\/\\\/tr.hollandtradecenteristanbul.com\\\/wp-content\\\/uploads\\\/2024\\\/06\\\/Ticari-Heyet-Organizasyonu.jpg\",\"width\":1024,\"height\":1024},{\"@type\":\"BreadcrumbList\",\"@id\":\"https:\\\/\\\/tr.hollandtradecenteristanbul.com\\\/index.php\\\/ticari-heyet-organizasyonu\\\/#breadcrumb\",\"itemListElement\":[{\"@type\":\"ListItem\",\"position\":1,\"name\":\"Home\",\"item\":\"https:\\\/\\\/tr.hollandtradecenteristanbul.com\\\/\"},{\"@type\":\"ListItem\",\"position\":2,\"name\":\"Ticari Heyet Organizasyonu\"}]},{\"@type\":\"WebSite\",\"@id\":\"https:\\\/\\\/tr.hollandtradecenteristanbul.com\\\/#website\",\"url\":\"https:\\\/\\\/tr.hollandtradecenteristanbul.com\\\/\",\"name\":\"Holland Trade Center Istanbul - T\u00fcrk\u00e7e\",\"description\":\"Where  business works like back home\",\"potentialAction\":[{\"@type\":\"SearchAction\",\"target\":{\"@type\":\"EntryPoint\",\"urlTemplate\":\"https:\\\/\\\/tr.hollandtradecenteristanbul.com\\\/?s={search_term_string}\"},\"query-input\":{\"@type\":\"PropertyValueSpecification\",\"valueRequired\":true,\"valueName\":\"search_term_string\"}}],\"inLanguage\":\"nl-NL\"}]}<\/script>\n<!-- \/ Yoast SEO plugin. -->","yoast_head_json":{"title":"Ticari Heyet Organizasyonu - Holland Trade Center Istanbul - T\u00fcrk\u00e7e","robots":{"index":"index","follow":"follow","max-snippet":"max-snippet:-1","max-image-preview":"max-image-preview:large","max-video-preview":"max-video-preview:-1"},"canonical":"https:\/\/tr.hollandtradecenteristanbul.com\/index.php\/ticari-heyet-organizasyonu\/","og_locale":"nl_NL","og_type":"article","og_title":"Ticari Heyet Organizasyonu - Holland Trade Center Istanbul - T\u00fcrk\u00e7e","og_description":"Uluslararas\u0131 pazarda g\u00fc\u00e7l\u00fc ba\u011flant\u0131lar kurmak isteyen \u015firketler i\u00e7in ticari ziyaretleri stratejik ve hedef odakl\u0131 \u015fekilde planl\u0131yoruz. \u015eirketinizin ihtiya\u00e7lar\u0131na g\u00f6re bireysel veya grup format\u0131nda organize edilen ziyaretler, ihracat\u00e7\u0131 birlikleri, ticari ata\u015felikler, uluslararas\u0131 fuarlar, i\u015f konseyleri ve B2B toplant\u0131lar\u0131n\u0131 kapsar. Ba\u015far\u0131 Hikayesi:Dan\u0131\u015fman\u0131m\u0131z Emre Y\u0131ld\u0131z, bir T\u00fcrk yaz\u0131l\u0131m firmas\u0131n\u0131n Hollanda\u2019n\u0131n en b\u00fcy\u00fck teknoloji fuar\u0131nda do\u011fru i\u015f ba\u011flant\u0131lar\u0131 kurmas\u0131n\u0131 [&hellip;]","og_url":"https:\/\/tr.hollandtradecenteristanbul.com\/index.php\/ticari-heyet-organizasyonu\/","og_site_name":"Holland Trade Center Istanbul - T\u00fcrk\u00e7e","article_modified_time":"2025-02-12T19:28:59+00:00","og_image":[{"width":1024,"height":1024,"url":"https:\/\/tr.hollandtradecenteristanbul.com\/wp-content\/uploads\/2024\/06\/Ticari-Heyet-Organizasyonu.jpg","type":"image\/jpeg"}],"twitter_card":"summary_large_image","twitter_misc":{"Geschatte leestijd":"2 minuten"},"schema":{"@context":"https:\/\/schema.org","@graph":[{"@type":"WebPage","@id":"https:\/\/tr.hollandtradecenteristanbul.com\/index.php\/ticari-heyet-organizasyonu\/","url":"https:\/\/tr.hollandtradecenteristanbul.com\/index.php\/ticari-heyet-organizasyonu\/","name":"Ticari Heyet Organizasyonu - Holland Trade Center Istanbul - T\u00fcrk\u00e7e","isPartOf":{"@id":"https:\/\/tr.hollandtradecenteristanbul.com\/#website"},"primaryImageOfPage":{"@id":"https:\/\/tr.hollandtradecenteristanbul.com\/index.php\/ticari-heyet-organizasyonu\/#primaryimage"},"image":{"@id":"https:\/\/tr.hollandtradecenteristanbul.com\/index.php\/ticari-heyet-organizasyonu\/#primaryimage"},"thumbnailUrl":"https:\/\/tr.hollandtradecenteristanbul.com\/wp-content\/uploads\/2024\/06\/Ticari-Heyet-Organizasyonu.jpg","datePublished":"2024-06-09T12:10:41+00:00","dateModified":"2025-02-12T19:28:59+00:00","breadcrumb":{"@id":"https:\/\/tr.hollandtradecenteristanbul.com\/index.php\/ticari-heyet-organizasyonu\/#breadcrumb"},"inLanguage":"nl-NL","potentialAction":[{"@type":"ReadAction","target":["https:\/\/tr.hollandtradecenteristanbul.com\/index.php\/ticari-heyet-organizasyonu\/"]}]},{"@type":"ImageObject","inLanguage":"nl-NL","@id":"https:\/\/tr.hollandtradecenteristanbul.com\/index.php\/ticari-heyet-organizasyonu\/#primaryimage","url":"https:\/\/tr.hollandtradecenteristanbul.com\/wp-content\/uploads\/2024\/06\/Ticari-Heyet-Organizasyonu.jpg","contentUrl":"https:\/\/tr.hollandtradecenteristanbul.com\/wp-content\/uploads\/2024\/06\/Ticari-Heyet-Organizasyonu.jpg","width":1024,"height":1024},{"@type":"BreadcrumbList","@id":"https:\/\/tr.hollandtradecenteristanbul.com\/index.php\/ticari-heyet-organizasyonu\/#breadcrumb","itemListElement":[{"@type":"ListItem","position":1,"name":"Home","item":"https:\/\/tr.hollandtradecenteristanbul.com\/"},{"@type":"ListItem","position":2,"name":"Ticari Heyet Organizasyonu"}]},{"@type":"WebSite","@id":"https:\/\/tr.hollandtradecenteristanbul.com\/#website","url":"https:\/\/tr.hollandtradecenteristanbul.com\/","name":"Holland Trade Center Istanbul - T\u00fcrk\u00e7e","description":"Where  business works like back home","potentialAction":[{"@type":"SearchAction","target":{"@type":"EntryPoint","urlTemplate":"https:\/\/tr.hollandtradecenteristanbul.com\/?s={search_term_string}"},"query-input":{"@type":"PropertyValueSpecification","valueRequired":true,"valueName":"search_term_string"}}],"inLanguage":"nl-NL"}]}},"_links":{"self":[{"href":"https:\/\/tr.hollandtradecenteristanbul.com\/index.php\/wp-json\/wp\/v2\/pages\/640","targetHints":{"allow":["GET"]}}],"collection":[{"href":"https:\/\/tr.hollandtradecenteristanbul.com\/index.php\/wp-json\/wp\/v2\/pages"}],"about":[{"href":"https:\/\/tr.hollandtradecenteristanbul.com\/index.php\/wp-json\/wp\/v2\/types\/page"}],"author":[{"embeddable":true,"href":"https:\/\/tr.hollandtradecenteristanbul.com\/index.php\/wp-json\/wp\/v2\/users\/1"}],"replies":[{"embeddable":true,"href":"https:\/\/tr.hollandtradecenteristanbul.com\/index.php\/wp-json\/wp\/v2\/comments?post=640"}],"version-history":[{"count":22,"href":"https:\/\/tr.hollandtradecenteristanbul.com\/index.php\/wp-json\/wp\/v2\/pages\/640\/revisions"}],"predecessor-version":[{"id":1217,"href":"https:\/\/tr.hollandtradecenteristanbul.com\/index.php\/wp-json\/wp\/v2\/pages\/640\/revisions\/1217"}],"wp:attachment":[{"href":"https:\/\/tr.hollandtradecenteristanbul.com\/index.php\/wp-json\/wp\/v2\/media?parent=640"}],"curies":[{"name":"wp","href":"https:\/\/api.w.org\/{rel}","templated":true}]}}